{"id":103,"date":"2011-05-04T18:47:43","date_gmt":"2011-05-04T18:47:43","guid":{"rendered":"http:\/\/www.hoerwolle.de\/robingates\/?page_id=103"},"modified":"2015-11-16T20:02:44","modified_gmt":"2015-11-16T20:02:44","slug":"rezensionen","status":"publish","type":"page","link":"http:\/\/www.robingates.de\/?page_id=103","title":{"rendered":"Rezensionen"},"content":{"rendered":"<p><strong>Gesammelte Rezensionen zu &#8220;Feuermuse&#8221;:<\/strong><\/p>\n<p><strong><a href=\"http:\/\/derbuecherkessel.blogspot.de\/2015\/11\/rezension-robin-gates-feuermuse.html\" target=\"_blank\">B\u00fccherkessel<\/a><\/strong><\/p>\n<p><strong><a href=\"http:\/\/www.lovelybooks.de\/autor\/Robin-Gates\/Feuermuse-1186839176-w\/rezension\/1203562153\/\">LovelyBooks<\/a><\/strong><\/p>\n<p><strong><a href=\"http:\/\/wasliestdu.de\/rezension\/das-taschenuniversum\">wasliestdu.de<\/a><\/strong><\/p>\n<p><strong>Rezensionen auf <a href=\"http:\/\/www.amazon.de\/product-reviews\/B00WMECTQK\/ref=cm_cr_dp_see_all_top?ie=UTF8&amp;showViewpoints=1&amp;sortBy=byRankDescending\" target=\"_blank\">Amazon<\/a><\/strong><\/p>\n<p>&#8220;Als Fazit bleibt mir nur zu sagen, kommt mit auf ein Reise in eine neue fantastische Welt hinter dem Spiegel, die Robin Gates f\u00fcr uns erschaffen hat und uns spannende Abenteuer erleben l\u00e4sst. &#8230; Die Geschichte von David und El\u00e1ra h\u00e4lt f\u00fcr Jugendliche, sowie auch Erwachsene etwas bereit und wird euch in ihren Bann ziehen.&#8221;<\/p>\n<p>&#8220;Wenn ihr gerne Fantasy lest, kann ich euch dieses Buch ganz klar empfehlen. Begleitet David und El\u00e1ra und noch weitere auf ihrem Weg durch die Welt der Spiegel, das Taschenuniversum, und fiebert mit, ob es El\u00e1ra gelingen wird, sich ihren gr\u00f6\u00dften Wunsch zu erf\u00fcllen.&#8221;<\/p>\n<p>&#8220;Mittelalter meets Computer-Zeitalter und griechische Antike, nicht zu vergessen einen Geheimorden im Stil der Illuminati. St\u00e4ndig fiebert der Leser mit den verschiedenen Personen mit. Die Geschichte ist dabei so spannend geschrieben, dass man das Buch am liebsten nicht aus der Hand legen m\u00f6chte.&#8221;<\/p>\n<p>&nbsp;<\/p>\n<p><strong style=\"line-height: 1.5;\">Rezension zu &#8220;Der Harfner und der Geschichtenerz\u00e4hler<\/strong><span style=\"line-height: 1.5;\">&#8220;<\/span><\/p>\n<p>&#8220;Mit diesem Kleinod ist Robin Gates ein angemessener Abschluss zu seiner Fantasy-Reihe gelungen, die bei keinem Fan des Genres fehlen sollte.&#8221; (SpielXPress)<\/p>\n<p><a href=\"http:\/\/www.robingates.de\/wp-content\/uploads\/2011\/05\/P04_Harfner.pdf\">Der Harfner und der Geschichtenerz\u00e4hler Rezension komplett (PDF)<\/a><\/p>\n<p><strong>Rezensionen zu \u201eRunlandsaga Band 1 \u2013 Sturm der Serephin\u201c<\/strong><\/p>\n<p><a href=\"http:\/\/www.phantastik-news.de\/modules.php?name=Reviews&amp;rop=showcontent&amp;id=2172\">Phantastik-news.de<\/a><br \/>\n&#8220;Gates konzentriert sich auf seine Welt, auf die handelnden Personen und zieht aus dem zugrundeliegenden Konflikt und der Aufl\u00f6sung der R\u00e4tsel um die Verfolgung seine Spannung. Das ist keine Sword &amp; Sorcery, das bewegt sich viel mehr auf Bahnen die den Leser intellektuell fordern, das findet seinen unbestrittenen Reiz durch seine \u00fcberzeugend gestaltete, interessante Welt.&#8221;<br \/>\n(Carsten Kuhr)<\/p>\n<p><a href=\"http:\/\/www.homomagi.de\/buecherbrief\/480-buecherbrief-maerz-2008.pdf\">Phantastischer B\u00fccherbrief, Ausgabe 480<\/a><br \/>\n&#8220;Es entsteht der Eindruck, als stimme jede Figur der Handlung mit einer echten, lebenden Person u\u0308berein. Ich bin sehr erfreut u\u0308ber diesen Roman und den Autor und hoffe mehr von ihm lesen zu k\u00f6nnen.&#8221;<br \/>\n(Erik Schreiber)<\/p>\n<p><a href=\"http:\/\/www.zauberspiegel-online.de\/index.php?option=com_content&amp;task=view&amp;id=1157&amp;ltemid=1\">Zauberspiegel<\/a><br \/>\n&#8220;Sturm der Serephin ist ein langsamer, tiefgr\u00fcndiger und sehr gut geschriebener Fantasyroman, dessen Story ebenso ungew\u00f6hnlich wie faszinierend ist. Der Auftaktband macht deutlich Lust auf mehr und l\u00e4sst f\u00fcr die Folgeb\u00e4nde Gutes erhoffen.&#8221; (Jochen Adam)<\/p>\n<p><a href=\"http:\/\/www.buchkritik.at\/kritik.asp?IDX=4947\">Buchkritik.at<\/a><br \/>\n&#8220;Am besten beherrscht Gates die Charakterzeichnung. Die im Fantasy-Genre leider oft anzutreffenden, recht eindimensionalen Klischee-Charakteren begegnet man bei ihm kaum. Selbst Nebenfiguren werden von ihm mit Sorgfalt ausgestaltet.&#8221;<br \/>\n(Alfred Ohswald)<\/p>\n<p><strong>Rezensionen zu \u201eRunlandsaga Band 2 \u2013 Feuer im Norden\u201c<\/strong><\/p>\n<p><a href=\"http:\/\/buchrezicenter.filmbesprechungen.de\/genres\/fantasy\/feuer-im-norden\">Buchrezicenter<\/a><br \/>\n&#8220;Robin Gates ist ein wahrer Meister des Fantasy-Genres. Jeder, der Spa\u00df an Geschichten \u00fcber Drachen, Elfen und Werw\u00f6lfe hat, sollte sich diese Saga nicht entgehen lassen.&#8221;<br \/>\nPetra Weddehage (PW)<\/p>\n<p><a href=\"http:\/\/www.buchtips.net\/rez4176.htm\">Buchtips.net<\/a><br \/>\n&#8220;Robin Gates ist der Vertreter einer neuen deutschen Autorenriege. Mit einigen anderen, Markus Heitz, Christoph Hardebusch und Thomas Finn, um nur einige zu nennen, schafft er es, den Makel, deutsche Fantasy ist nichts Wert, ausser Kraft zu setzen.&#8221;<br \/>\n(Erik Schreiber)<\/p>\n<p><a href=\"http:\/\/www.roterdorn.de\/inhalt.php?xz=rezi&amp;id=11997\">Roter Dorn<\/a><br \/>\n&#8220;Robin Gates nimmt sich sehr viel Zeit, um die desolate Situation der Fl\u00fcchtlinge zu schildern und konzentriert sich wie auch schon im ersten Band auf ausgew\u00e4hlte Einzelschicksale, die zusammen das gro\u00dfe Bild ergeben. Es gelingt ihm damit, die Figuren einerseits sehr lebendig zu beschreiben und damit zum Leben zu erwecken, andererseits vergisst er aber auch nicht, die Geschichte im Hintergrund voran zu treiben und damit den roten Faden weiter zu verfolgen.&#8221;<br \/>\n(Arielen)<\/p>\n<p><strong>Rezensionen zu \u201eRunlandsaga Band 3 \u2013 Wolfzeit\u201c<\/strong><\/p>\n<p><a href=\"http:\/\/www.zauberspiegel-online.de\/index.php?option=com_content&amp;task=view&amp;id=3747&amp;Itemid=43\">Zauberspiegel<\/a><br \/>\n&#8220;Wolfzeit ist ein stimmungsvoller Fantasyroman, den sich Fans klassischer High Fantasy-Epen nicht entgehen lassen sollten. Wer Autoren wie Tad Williams oder Robert Jordan zu seinen Favoriten z\u00e4hlt, der sollte die \u00bbRunlandsaga\u00ab unbedingt einmal zur Hand nehmen.&#8221;<br \/>\n(Jochen Adam)<\/p>\n<p><a href=\"http:\/\/www.world-phantastika.de\/526%20buecherbrief%20september%202009.pdf\">Phantastischer B\u00fccherbrief, Ausgabe 526<\/a><br \/>\n&#8220;Robin Gates legt in seinem vierb\u00e4ndigen Zyklus an Tempo zu. Stimmungsvoll und abwechslungsreich nimmt der Autor seine Leser mit diesem Band erneut in sein fabelhaftes Land mit.&#8221;<\/p>\n<p><a href=\"http:\/\/www.rezensenten.de\/content\/view\/4673\/47\/lang,de\/\">Rezensenten.de<\/a><br \/>\n&#8220;Robin Gates k\u00f6nnte eines Tages die Nachfolge vom \u201eHerrn der Ringe\u201c-Autor J. R. R. Tolkien \u00fcbernehmen.<br \/>\nWer solche B\u00fccher liebt, wird diese Trilogie sicher nicht nur einmal lesen. Eine wundersch\u00f6ne Idee f\u00fcr den Wunschzettel!&#8221;<br \/>\n(Petra Weddehage)<\/p>\n<p><strong>Rezensionen zu \u201eRunlandsaga Band 4 \u2013 Die Schicksalsfestung\u201c<\/strong><\/p>\n<p><a title=\"Media-Mania.de\" href=\"http:\/\/www.media-mania.de\/index.php\" target=\"_blank\"><span style=\"text-decoration: underline;\">Media-Mania.de<\/span><\/a><\/p>\n<p>&#8220;Die Schicksalsfestung&#8221; ist der letzte Teil der Runlandsaga und f\u00fchrt die Geschichte zu einem gewaltigen und epochalen Ende. &#8230; Es gelingt Robin Gates dabei, die F\u00e4den seiner verschiedenen Erz\u00e4hlungen dicht beieinander laufen zu lassen, ohne dass der Leser den \u00dcberblick verliert. Stattdessen gelingt es dem Autor, seinem Leser eine komplexe Welt vor Augen zu halten, in der alle verschiedenen Ereignisse dicht ineinandergreifen und einem bestimmten Ziel folgen.<br \/>\nEs ist ein gewaltiges Universum in verschiedenen Welten und Zeitebenen, das sich dem Leser entbl\u00e4ttert und dessen Faszination schnell begeistert. &#8230; Robin Gates schafft es, eigene Erfindung mit den gewohnten Stilmitteln der Fantasy zu verbinden und erschafft so ein wirkliches Epos. Auch wenn sich in diesem Band die Ereignisse immer mehr zuspitzen, gibt es tiefe Einblicke in die Charaktere, weitreichende Entwicklungen und faszinierende Momente. Wer Fantasy liebt und gern liest, dem sei diese Saga ans Herz gelegt.&#8221;<\/p>\n<p>(Daniela Hanisch)<\/p>\n<p><a href=\"http:\/\/www.roterdorn.de\/inhalt.php?xz=rezi&amp;id=16833\">Roter Dorn<\/a><br \/>\n&#8220;Die Schicksalsfestung ist damit der gelungene Abschluss der vierb\u00e4ndigen Runland-Saga, denn Robin Gates f\u00fchrt alle Handlungsf\u00e4den der stimmungsvollen und epischen High-Fantasy Geschichte zusammen und bietet noch einmal einige \u00fcberraschende Wendungen, die so Einiges in einem neuen Licht erscheinen lassen und die Spannung noch einmal erh\u00f6hen.<br \/>\nWer nicht nur auf Klischees und Action aus ist, wird jedenfalls an den detailverliebten Schilderungen, die eine ganze Welt zu schillerndem Leben erwecken, seine Freude haben.&#8221;<br \/>\n(Arielen)<\/p>\n<p><strong>Rezensionen zu &#8220;Dilmun &#8211; J\u00e4ger des ewigen Lebens&#8221;<\/strong><\/p>\n<p><a title=\"fantasybuch.net\" href=\"http:\/\/www.fantasybuch.net\/\" target=\"_blank\"><span style=\"text-decoration: underline;\">fantasybuch.net<\/span><\/a><\/p>\n<p>&#8220;Mir scheint fast, der Autor hat in der Urban Fantasy sein Genre gefunden. &#8230; Robin Gates spielt in diesem Roman sein ganzes Wissen \u00fcber andere Kulturen, Mythologien und V\u00f6lker aus. Man merkt, dass er nicht nur oberfl\u00e4chlich recherchiert hat, sondern sich intensiv mit den Materien befasst hat. &#8230;<br \/>\nDie Verkn\u00fcpfung mit der realen und der fiktiven Welt passiert mit einer Lockerheit, die ich in vergleichbaren B\u00fcchern bisher immer vermisst habe. Die Wortgewandtheit des Autors sucht ohnehin seinesgleichen.<br \/>\nMein Fazit: Wer eine rasante, \u00fcberaus spannende und gut durchdachte Urban Fantasy Geschichte sucht, ist mit Dilmun bestens beraten. Man erlebt die Geschichte, mit ihren vielen verschiedenen Schaupl\u00e4tze und Personen so intensiv, als w\u00e4ren sie real.<\/p>\n<p>(Godfather)<\/p>\n<p><a title=\"Lesekatze - denn Lesen ist sexy!\" href=\"http:\/\/lesenistsexy.blogspot.no\/\" target=\"_blank\">Lesekatze &#8211; denn Lesen ist sexy!<\/a><\/p>\n<p>&#8220;Mit viel Ideenreichtum und Anlehungen an diversen Mythen gelingt es Robin Gates, eine phantastische Jagd quer durch Europa zu inszenieren. Die Ortswechsel von Berlin, London bis hin zu Istanbul werden jedes Mal sehr sch\u00f6n und bildhaft beschrieben, sodass man wie die Figuren jedes Mal in eine neue Welt gerissen wird.<br \/>\nEin fl\u00fcssig zu lesender Schreibstil rundet alles sehr sch\u00f6n ab und macht den Roman zu einem lesenswerten Ausflug zwischen Realit\u00e4t und dem Sagenhaften.&#8221;<\/p>\n<p>(Diane)<\/p>\n<p>&nbsp;<\/p>\n","protected":false},"excerpt":{"rendered":"<p>Gesammelte Rezensionen zu &#8220;Feuermuse&#8221;: B\u00fccherkessel LovelyBooks wasliestdu.de Rezensionen auf Amazon &#8220;Als Fazit bleibt mir nur zu sagen, kommt mit auf ein Reise in eine neue fantastische Welt hinter dem Spiegel, die Robin Gates f\u00fcr uns erschaffen hat und uns spannende &hellip; <a href=\"http:\/\/www.robingates.de\/?page_id=103\">Continue reading <span class=\"meta-nav\">&rarr;<\/span><\/a><\/p>\n","protected":false},"author":1,"featured_media":0,"parent":0,"menu_order":2,"comment_status":"open","ping_status":"open","template":"","meta":[],"_links":{"self":[{"href":"http:\/\/www.robingates.de\/index.php?rest_route=\/wp\/v2\/pages\/103"}],"collection":[{"href":"http:\/\/www.robingates.de\/index.php?rest_route=\/wp\/v2\/pages"}],"about":[{"href":"http:\/\/www.robingates.de\/index.php?rest_route=\/wp\/v2\/types\/page"}],"author":[{"embeddable":true,"href":"http:\/\/www.robingates.de\/index.php?rest_route=\/wp\/v2\/users\/1"}],"replies":[{"embeddable":true,"href":"http:\/\/www.robingates.de\/index.php?rest_route=%2Fwp%2Fv2%2Fcomments&post=103"}],"version-history":[{"count":21,"href":"http:\/\/www.robingates.de\/index.php?rest_route=\/wp\/v2\/pages\/103\/revisions"}],"predecessor-version":[{"id":464,"href":"http:\/\/www.robingates.de\/index.php?rest_route=\/wp\/v2\/pages\/103\/revisions\/464"}],"wp:attachment":[{"href":"http:\/\/www.robingates.de\/index.php?rest_route=%2Fwp%2Fv2%2Fmedia&parent=103"}],"curies":[{"name":"wp","href":"https:\/\/api.w.org\/{rel}","templated":true}]}}