{"id":123,"date":"2011-05-15T14:24:51","date_gmt":"2011-05-15T14:24:51","guid":{"rendered":"http:\/\/www.hoerwolle.de\/robingates\/?page_id=123"},"modified":"2014-12-30T14:08:37","modified_gmt":"2014-12-30T14:08:37","slug":"links","status":"publish","type":"page","link":"http:\/\/www.robingates.de\/?page_id=123","title":{"rendered":"Links"},"content":{"rendered":"<p>Hier finden sich links zu meinen bisherigen Ver\u00f6ffentlichungen als Robin Gates und Bernhard St\u00e4ber:<\/p>\n<p><a href=\"http:\/\/www.amazon.de\/s\/ref=nb_sb_noss_1?__mk_de_DE=%C3%85M%C3%85%C5%BD%C3%95%C3%91&amp;url=search-alias%3Dstripbooks&amp;field-keywords=Robin%20Gates\">Robin Gates<\/a> bei Amazon<\/p>\n<p><a href=\"http:\/\/www.amazon.de\/Vaters-unbekanntes-Land-Bernhard-St%C3%A4ber-ebook\/dp\/B00JQQPDVU\/ref=sr_1_1?s=books&amp;ie=UTF8&amp;qid=1419948472&amp;sr=1-1&amp;keywords=Bernhard+St%C3%A4ber\">Bernhard St\u00e4ber bei Amazon<\/a><\/p>\n<p><a href=\"https:\/\/bernhardst\u00e4ber.de\/\">Autorenhomepage Bernhard St\u00e4ber<\/a><\/p>\n<p><a href=\"https:\/\/www.youtube.com\/channel\/UCIeZ9vIBzVAjYNXZ-bL-qsw\">Youtube-Kanal Bernhard St\u00e4ber<\/a><\/p>\n<p><a href=\"https:\/\/www.facebook.com\/pages\/Bernhard-St%C3%A4ber-Autorenseite\/771065396255790\">Facebook- Autorenseite Bernhard St\u00e4ber<\/a><\/p>\n","protected":false},"excerpt":{"rendered":"<p>Hier finden sich links zu meinen bisherigen Ver\u00f6ffentlichungen als Robin Gates und Bernhard St\u00e4ber: Robin Gates bei Amazon Bernhard St\u00e4ber bei Amazon Autorenhomepage Bernhard St\u00e4ber Youtube-Kanal Bernhard St\u00e4ber Facebook- Autorenseite Bernhard St\u00e4ber<\/p>\n","protected":false},"author":1,"featured_media":0,"parent":0,"menu_order":5,"comment_status":"open","ping_status":"open","template":"","meta":[],"_links":{"self":[{"href":"http:\/\/www.robingates.de\/index.php?rest_route=\/wp\/v2\/pages\/123"}],"collection":[{"href":"http:\/\/www.robingates.de\/index.php?rest_route=\/wp\/v2\/pages"}],"about":[{"href":"http:\/\/www.robingates.de\/index.php?rest_route=\/wp\/v2\/types\/page"}],"author":[{"embeddable":true,"href":"http:\/\/www.robingates.de\/index.php?rest_route=\/wp\/v2\/users\/1"}],"replies":[{"embeddable":true,"href":"http:\/\/www.robingates.de\/index.php?rest_route=%2Fwp%2Fv2%2Fcomments&post=123"}],"version-history":[{"count":6,"href":"http:\/\/www.robingates.de\/index.php?rest_route=\/wp\/v2\/pages\/123\/revisions"}],"predecessor-version":[{"id":444,"href":"http:\/\/www.robingates.de\/index.php?rest_route=\/wp\/v2\/pages\/123\/revisions\/444"}],"wp:attachment":[{"href":"http:\/\/www.robingates.de\/index.php?rest_route=%2Fwp%2Fv2%2Fmedia&parent=123"}],"curies":[{"name":"wp","href":"https:\/\/api.w.org\/{rel}","templated":true}]}}