{"id":125,"date":"2011-05-15T14:30:18","date_gmt":"2011-05-15T14:30:18","guid":{"rendered":"http:\/\/www.hoerwolle.de\/robingates\/?page_id=125"},"modified":"2018-05-25T19:41:39","modified_gmt":"2018-05-25T19:41:39","slug":"veranstaltungen","status":"publish","type":"page","link":"http:\/\/www.robingates.de\/?page_id=125","title":{"rendered":"Veranstaltungen"},"content":{"rendered":"<p style=\"text-align: left;\">12.08.12:<\/p>\n<p style=\"text-align: left;\">Das <a title=\"Sommergewinnspiel\" href=\"https:\/\/www.facebook.com\/events\/424329997607495\/\" target=\"_blank\" rel=\"noopener\">Sommergewinnspiel<\/a> der Facebook &#8211; Gruppe <a title=\"&quot;B\u00fccher, die man lesen muss!&quot;\" href=\"https:\/\/www.facebook.com\/groups\/104966816221210\/\" target=\"_blank\" rel=\"noopener\">&#8220;B\u00fccher, die man lesen muss!&#8221;<\/a> ist vorbei. Die Aufgabe war, einen magischen Garten zu zeichnen, wie auch immer man ihn sich vorstellen mag. Viele herzliche Gl\u00fcckw\u00fcnsche an die Gewinner meines neuen Urban Fantasy &#8211; Romans <a title=\"&quot;Dilmun - J\u00e4ger des ewigen Lebens&quot;\" href=\"http:\/\/www.ueberreuter.at\/buecher\/isbn\/9783800056897\/\" target=\"_blank\" rel=\"noopener\">&#8220;Dilmun &#8211; J\u00e4ger des ewigen Lebens&#8221;<\/a> und besonders an die kleine Eyleen, die als j\u00fcngste Teilnehmerin des Gewinnspiels eine Ausgabe des Kinderbuchklassikers &#8220;Der geheime Garten&#8221; von Frances Hodgson Burnett gewonnen hat!<\/p>\n<p style=\"text-align: left;\">Hier sind die Bilder der f\u00fcnf Gewinner:<\/p>\n<table>\n<tbody>\n<tr>\n<td><a href=\"http:\/\/www.robingates.de\/wp-content\/uploads\/2011\/05\/100_5225.jpg\"><img decoding=\"async\" loading=\"lazy\" class=\"alignleft size-medium wp-image-306\" title=\"100_5225\" src=\"http:\/\/www.robingates.de\/wp-content\/uploads\/2011\/05\/100_5225-300x225.jpg\" alt=\"\" width=\"300\" height=\"225\" srcset=\"http:\/\/www.robingates.de\/wp-content\/uploads\/2011\/05\/100_5225-300x225.jpg 300w, http:\/\/www.robingates.de\/wp-content\/uploads\/2011\/05\/100_5225-1024x768.jpg 1024w, http:\/\/www.robingates.de\/wp-content\/uploads\/2011\/05\/100_5225.jpg 1656w\" sizes=\"(max-width: 300px) 100vw, 300px\" \/><\/a>\u00a0\u00a0\u00a0\u00a0\u00a0\u00a0\u00a0\u00a0\u00a0\u00a0\u00a0\u00a0\u00a0\u00a0\u00a0\u00a0\u00a0 Daniela S.<\/td>\n<td><a href=\"http:\/\/www.robingates.de\/wp-content\/uploads\/2011\/05\/561414_446028552085741_792752768_n.jpg\"><img decoding=\"async\" loading=\"lazy\" class=\"alignright size-medium wp-image-300\" title=\"561414_446028552085741_792752768_n\" src=\"http:\/\/www.robingates.de\/wp-content\/uploads\/2011\/05\/561414_446028552085741_792752768_n-300x300.jpg\" alt=\"\" width=\"300\" height=\"300\" srcset=\"http:\/\/www.robingates.de\/wp-content\/uploads\/2011\/05\/561414_446028552085741_792752768_n-300x300.jpg 300w, http:\/\/www.robingates.de\/wp-content\/uploads\/2011\/05\/561414_446028552085741_792752768_n-150x150.jpg 150w, http:\/\/www.robingates.de\/wp-content\/uploads\/2011\/05\/561414_446028552085741_792752768_n.jpg 400w\" sizes=\"(max-width: 300px) 100vw, 300px\" \/><\/a>\u00a0\u00a0\u00a0\u00a0\u00a0\u00a0\u00a0\u00a0\u00a0\u00a0\u00a0\u00a0\u00a0\u00a0\u00a0\u00a0\u00a0\u00a0\u00a0\u00a0\u00a0\u00a0\u00a0 Sue Cullen<\/td>\n<\/tr>\n<\/tbody>\n<\/table>\n<table>\n<tbody>\n<tr>\n<td><a href=\"http:\/\/www.robingates.de\/wp-content\/uploads\/2011\/05\/302470_484805781546844_62378242_n.jpg\"><img decoding=\"async\" loading=\"lazy\" class=\"alignleft size-medium wp-image-309\" title=\"302470_484805781546844_62378242_n\" src=\"http:\/\/www.robingates.de\/wp-content\/uploads\/2011\/05\/302470_484805781546844_62378242_n-224x300.jpg\" alt=\"\" width=\"224\" height=\"300\" srcset=\"http:\/\/www.robingates.de\/wp-content\/uploads\/2011\/05\/302470_484805781546844_62378242_n-224x300.jpg 224w, http:\/\/www.robingates.de\/wp-content\/uploads\/2011\/05\/302470_484805781546844_62378242_n.jpg 620w\" sizes=\"(max-width: 224px) 100vw, 224px\" \/><\/a>\u00a0\u00a0\u00a0\u00a0\u00a0\u00a0\u00a0\u00a0\u00a0\u00a0\u00a0 Elke Brandt<\/td>\n<td><a href=\"http:\/\/www.robingates.de\/wp-content\/uploads\/2011\/05\/526613_4278183874937_2083219382_n.jpg\"><img decoding=\"async\" loading=\"lazy\" class=\"alignright size-medium wp-image-319\" title=\"526613_4278183874937_2083219382_n\" src=\"http:\/\/www.robingates.de\/wp-content\/uploads\/2011\/05\/526613_4278183874937_2083219382_n-300x201.jpg\" alt=\"\" width=\"300\" height=\"201\" srcset=\"http:\/\/www.robingates.de\/wp-content\/uploads\/2011\/05\/526613_4278183874937_2083219382_n-300x201.jpg 300w, http:\/\/www.robingates.de\/wp-content\/uploads\/2011\/05\/526613_4278183874937_2083219382_n.jpg 800w\" sizes=\"(max-width: 300px) 100vw, 300px\" \/><\/a>\u00a0\u00a0\u00a0\u00a0\u00a0\u00a0\u00a0\u00a0\u00a0\u00a0\u00a0\u00a0\u00a0\u00a0\u00a0\u00a0\u00a0\u00a0\u00a0\u00a0\u00a0 Stefanie Hasel<\/td>\n<\/tr>\n<\/tbody>\n<\/table>\n<table>\n<tbody>\n<tr>\n<td><a href=\"http:\/\/www.robingates.de\/wp-content\/uploads\/2011\/05\/120_3855381301130_1510731845_n.jpg\"><img decoding=\"async\" loading=\"lazy\" class=\"alignleft size-medium wp-image-322\" title=\"120_3855381301130_1510731845_n\" src=\"http:\/\/www.robingates.de\/wp-content\/uploads\/2011\/05\/120_3855381301130_1510731845_n-300x210.jpg\" alt=\"\" width=\"300\" height=\"210\" srcset=\"http:\/\/www.robingates.de\/wp-content\/uploads\/2011\/05\/120_3855381301130_1510731845_n-300x210.jpg 300w, http:\/\/www.robingates.de\/wp-content\/uploads\/2011\/05\/120_3855381301130_1510731845_n.jpg 960w\" sizes=\"(max-width: 300px) 100vw, 300px\" \/><\/a>\u00a0\u00a0\u00a0\u00a0\u00a0\u00a0\u00a0\u00a0\u00a0\u00a0\u00a0\u00a0\u00a0\u00a0\u00a0\u00a0\u00a0\u00a0\u00a0 Eyleen S.<\/td>\n<td><a href=\"http:\/\/www.robingates.de\/wp-content\/uploads\/2011\/05\/100_5477.jpg\"><img decoding=\"async\" loading=\"lazy\" class=\"alignright size-medium wp-image-308\" title=\"100_5477\" src=\"http:\/\/www.robingates.de\/wp-content\/uploads\/2011\/05\/100_5477-225x300.jpg\" alt=\"\" width=\"225\" height=\"300\" srcset=\"http:\/\/www.robingates.de\/wp-content\/uploads\/2011\/05\/100_5477-225x300.jpg 225w, http:\/\/www.robingates.de\/wp-content\/uploads\/2011\/05\/100_5477-768x1024.jpg 768w, http:\/\/www.robingates.de\/wp-content\/uploads\/2011\/05\/100_5477.jpg 1242w\" sizes=\"(max-width: 225px) 100vw, 225px\" \/><\/a>\u00a0\u00a0\u00a0\u00a0\u00a0\u00a0\u00a0\u00a0\u00a0 Die kleine K\u00fcnstlerin<\/td>\n<\/tr>\n<\/tbody>\n<\/table>\n<p style=\"text-align: left;\">28.12.2011:<\/p>\n<p style=\"text-align: left;\">Auf der Seite von <a title=\"LITERRA\" href=\"http:\/\/www.literra.info\/kolumnen\/kolumne.php?id=879\" target=\"_blank\" rel=\"noopener\">LITERRA<\/a> ist ein Bericht meiner Lesung in Worms am 02.12.11 zusammen mit Antje Ippensen, Erik Hauser und Oliver Plaschka erschienen. Es war ein wirklich sch\u00f6ner Abend &#8211; meine zweite Lesung in Worms und bestimmt nicht die Letzte! \ud83d\ude42<\/p>\n<p style=\"text-align: left;\">31.10.2011:<\/p>\n<p style=\"text-align: left;\">Das diesj\u00e4hrige Herbstgewinnspiel Nummer 3 der Facebook &#8211; Gruppe &#8220;Vampirb\u00fccher, die man lesen muss!&#8221;, ist inzwischen zu Ende. Ich hatte drei Gesamtausgaben der Runlandsaga gestiftet. Die zur Geschichte der Saga passende Aufgabe f\u00fcr die Teilnehmer war:\u00a0Malt einen Drachen, der etwas mit den Elementen Luft, Feuer, Wasser und Erde zu tun hat &#8211; zB. einen feuerspeienden Drachen f\u00fcr Feuer oder einen fliegenden Drachen im Sturm f\u00fcr Luft, und ladet das Bild auf der Seite der Gruppe hoch.<\/p>\n<p style=\"text-align: left;\">Ich war begeistert von all den gro\u00dfartigen Einsendungen, und die Entscheidung f\u00fcr drei Gewinner war nicht leicht zu treffen. Es sind die Bilder von Stefanie Hasel, Kim Rajkovic und Eileen Snowmilk. Herzliche Gl\u00fcckwunsche von mir an dieser Stelle! Die signierten B\u00fccher werden euch im Laufe der n\u00e4chsten vierzehn Tage per Post zugesandt.<\/p>\n<p style=\"text-align: left;\">Ein Sonderpreis in Form einer kleinen \u00dcberraschung geht dar\u00fcber hinaus an die achtj\u00e4hrige Lovis Weinbach , die einen wirklich gro\u00dfartigen Drachen plus Wasserfall und Elfenprinzessin gemalt hat. Auch an sie herzlichen Gl\u00fcckwunsch!<\/p>\n<p style=\"text-align: left;\">Ich habe mich \u00fcber jedes eingesendete Bild so sehr gefreut, dass ich mich dazu entschlossen habe, sie alle auf meiner Autorenhomepage zu ver\u00f6ffentlichen. Hier also die Gallerie der Drachenbilder, beginnend mit den Gewinnern:<\/p>\n<p style=\"text-align: left;\">Stefanie Hasel\u00a0\u00a0\u00a0\u00a0\u00a0\u00a0\u00a0\u00a0\u00a0\u00a0\u00a0\u00a0\u00a0\u00a0\u00a0\u00a0\u00a0\u00a0\u00a0\u00a0\u00a0\u00a0\u00a0\u00a0\u00a0\u00a0\u00a0\u00a0\u00a0\u00a0\u00a0\u00a0\u00a0\u00a0\u00a0\u00a0\u00a0\u00a0\u00a0\u00a0\u00a0\u00a0\u00a0\u00a0\u00a0\u00a0\u00a0\u00a0\u00a0\u00a0\u00a0\u00a0\u00a0\u00a0 Kim Rajkovic<\/p>\n<div style=\"float: left;\"><a href=\"http:\/\/www.robingates.de\/wp-content\/uploads\/2011\/05\/302433_2526824052036_1296477743_33009696_916388755_n.jpg\"><img decoding=\"async\" loading=\"lazy\" class=\"alignnone size-medium wp-image-219\" title=\"302433_2526824052036_1296477743_33009696_916388755_n\" src=\"http:\/\/www.robingates.de\/wp-content\/uploads\/2011\/05\/302433_2526824052036_1296477743_33009696_916388755_n-300x234.jpg\" alt=\"\" width=\"300\" height=\"234\" srcset=\"http:\/\/www.robingates.de\/wp-content\/uploads\/2011\/05\/302433_2526824052036_1296477743_33009696_916388755_n-300x234.jpg 300w, http:\/\/www.robingates.de\/wp-content\/uploads\/2011\/05\/302433_2526824052036_1296477743_33009696_916388755_n.jpg 800w\" sizes=\"(max-width: 300px) 100vw, 300px\" \/><\/a><\/div>\n<div style=\"float: left; padding-left: 10px;\">\n<p><a href=\"http:\/\/www.robingates.de\/wp-content\/uploads\/2011\/05\/309598_292373567456734_100000522804910_1088600_804231066_n.jpg\"><img decoding=\"async\" loading=\"lazy\" class=\"alignnone size-medium wp-image-222\" title=\"309598_292373567456734_100000522804910_1088600_804231066_n\" src=\"http:\/\/www.robingates.de\/wp-content\/uploads\/2011\/05\/309598_292373567456734_100000522804910_1088600_804231066_n-300x225.jpg\" alt=\"\" width=\"300\" height=\"225\" srcset=\"http:\/\/www.robingates.de\/wp-content\/uploads\/2011\/05\/309598_292373567456734_100000522804910_1088600_804231066_n-300x225.jpg 300w, http:\/\/www.robingates.de\/wp-content\/uploads\/2011\/05\/309598_292373567456734_100000522804910_1088600_804231066_n.jpg 960w\" sizes=\"(max-width: 300px) 100vw, 300px\" \/><\/a><\/p>\n<\/div>\n<p>&nbsp;<\/p>\n<p>&nbsp;<\/p>\n<p>&nbsp;<\/p>\n<p>&nbsp;<\/p>\n<p>&nbsp;<\/p>\n<p>&nbsp;<\/p>\n<p>Eileen Snowmilk\u00a0\u00a0\u00a0\u00a0\u00a0\u00a0\u00a0\u00a0\u00a0\u00a0\u00a0\u00a0\u00a0\u00a0\u00a0\u00a0\u00a0\u00a0\u00a0\u00a0\u00a0\u00a0\u00a0\u00a0\u00a0\u00a0\u00a0\u00a0\u00a0\u00a0\u00a0\u00a0\u00a0\u00a0\u00a0\u00a0\u00a0\u00a0\u00a0\u00a0\u00a0\u00a0\u00a0\u00a0\u00a0 Lovis Weinbach<\/p>\n<div style=\"float: left;\"><a href=\"http:\/\/www.robingates.de\/wp-content\/uploads\/2011\/05\/313441_217212061679951_100001734771582_565266_1443643687_n.jpg\"><img decoding=\"async\" loading=\"lazy\" class=\"alignnone size-medium wp-image-223\" title=\"313441_217212061679951_100001734771582_565266_1443643687_n\" src=\"http:\/\/www.robingates.de\/wp-content\/uploads\/2011\/05\/313441_217212061679951_100001734771582_565266_1443643687_n-300x224.jpg\" alt=\"\" width=\"300\" height=\"224\" srcset=\"http:\/\/www.robingates.de\/wp-content\/uploads\/2011\/05\/313441_217212061679951_100001734771582_565266_1443643687_n-300x224.jpg 300w, http:\/\/www.robingates.de\/wp-content\/uploads\/2011\/05\/313441_217212061679951_100001734771582_565266_1443643687_n.jpg 960w\" sizes=\"(max-width: 300px) 100vw, 300px\" \/><\/a><\/div>\n<div style=\"float: left; padding-left: 10px;\"><a href=\"http:\/\/www.robingates.de\/wp-content\/uploads\/2011\/05\/302484_267873269916910_100000827175994_688789_746055882_n.jpg\"><img decoding=\"async\" loading=\"lazy\" class=\"alignnone size-medium wp-image-220\" title=\"302484_267873269916910_100000827175994_688789_746055882_n\" src=\"http:\/\/www.robingates.de\/wp-content\/uploads\/2011\/05\/302484_267873269916910_100000827175994_688789_746055882_n-300x210.jpg\" alt=\"\" width=\"300\" height=\"210\" srcset=\"http:\/\/www.robingates.de\/wp-content\/uploads\/2011\/05\/302484_267873269916910_100000827175994_688789_746055882_n-300x210.jpg 300w, http:\/\/www.robingates.de\/wp-content\/uploads\/2011\/05\/302484_267873269916910_100000827175994_688789_746055882_n.jpg 895w\" sizes=\"(max-width: 300px) 100vw, 300px\" \/><\/a><\/div>\n<p><br style=\"clear: both;\" \/>Carina Klieves\u00a0\u00a0\u00a0\u00a0\u00a0\u00a0\u00a0\u00a0\u00a0\u00a0\u00a0\u00a0\u00a0\u00a0\u00a0\u00a0\u00a0\u00a0\u00a0\u00a0\u00a0\u00a0\u00a0\u00a0\u00a0\u00a0\u00a0\u00a0\u00a0\u00a0\u00a0\u00a0\u00a0 \u00a0 \u00a0 \u00a0 \u00a0 \u00a0 \u00a0 \u00a0 \u00a0 \u00a0 \u00a0 \u00a0 \u00a0 \u00a0\u00a0 Nadine Giehl<\/p>\n<div style=\"float: left;\"><a href=\"http:\/\/www.robingates.de\/wp-content\/uploads\/2011\/05\/320895_2388738557594_1224734097_32965794_5825365_n.jpg\"><img decoding=\"async\" loading=\"lazy\" class=\"alignnone size-medium wp-image-224\" title=\"320895_2388738557594_1224734097_32965794_5825365_n\" src=\"http:\/\/www.robingates.de\/wp-content\/uploads\/2011\/05\/320895_2388738557594_1224734097_32965794_5825365_n-300x212.jpg\" alt=\"\" width=\"300\" height=\"212\" srcset=\"http:\/\/www.robingates.de\/wp-content\/uploads\/2011\/05\/320895_2388738557594_1224734097_32965794_5825365_n-300x212.jpg 300w, http:\/\/www.robingates.de\/wp-content\/uploads\/2011\/05\/320895_2388738557594_1224734097_32965794_5825365_n.jpg 720w\" sizes=\"(max-width: 300px) 100vw, 300px\" \/><\/a><\/div>\n<div style=\"float: left; padding-left: 10px;\"><a href=\"http:\/\/www.robingates.de\/wp-content\/uploads\/2011\/05\/294021_10150346610900119_700305118_10171992_74562_n.jpg\"><img decoding=\"async\" loading=\"lazy\" class=\"alignnone size-medium wp-image-217\" title=\"294021_10150346610900119_700305118_10171992_74562_n\" src=\"http:\/\/www.robingates.de\/wp-content\/uploads\/2011\/05\/294021_10150346610900119_700305118_10171992_74562_n-300x217.jpg\" alt=\"\" width=\"300\" height=\"217\" srcset=\"http:\/\/www.robingates.de\/wp-content\/uploads\/2011\/05\/294021_10150346610900119_700305118_10171992_74562_n-300x217.jpg 300w, http:\/\/www.robingates.de\/wp-content\/uploads\/2011\/05\/294021_10150346610900119_700305118_10171992_74562_n.jpg 720w\" sizes=\"(max-width: 300px) 100vw, 300px\" \/><\/a><\/div>\n<p><br style=\"clear: both;\" \/>Melanie Bradshaw\u00a0\u00a0\u00a0\u00a0\u00a0\u00a0\u00a0\u00a0\u00a0\u00a0\u00a0\u00a0\u00a0\u00a0\u00a0\u00a0\u00a0\u00a0\u00a0\u00a0 \u00a0 \u00a0 \u00a0 \u00a0 \u00a0 \u00a0 \u00a0 \u00a0 \u00a0 \u00a0 \u00a0 \u00a0 \u00a0 \u00a0 \u00a0 \u00a0 \u00a0 \u00a0 Holger Weinbach<\/p>\n<div style=\"float: left;\"><a href=\"http:\/\/www.robingates.de\/wp-content\/uploads\/2011\/05\/297372_292861647398913_100000252406165_1144638_1936239233_n.jpg\"><img decoding=\"async\" loading=\"lazy\" class=\"alignnone size-medium wp-image-218\" title=\"297372_292861647398913_100000252406165_1144638_1936239233_n\" src=\"http:\/\/www.robingates.de\/wp-content\/uploads\/2011\/05\/297372_292861647398913_100000252406165_1144638_1936239233_n-300x273.jpg\" alt=\"\" width=\"300\" height=\"273\" srcset=\"http:\/\/www.robingates.de\/wp-content\/uploads\/2011\/05\/297372_292861647398913_100000252406165_1144638_1936239233_n-300x273.jpg 300w, http:\/\/www.robingates.de\/wp-content\/uploads\/2011\/05\/297372_292861647398913_100000252406165_1144638_1936239233_n.jpg 958w\" sizes=\"(max-width: 300px) 100vw, 300px\" \/><\/a><\/div>\n<div style=\"float: left; padding-left: 10px;\"><a href=\"http:\/\/www.robingates.de\/wp-content\/uploads\/2011\/05\/305120_268532049851032_100000827175994_690948_1621398938_n.jpg\"><img decoding=\"async\" loading=\"lazy\" class=\"alignnone size-medium wp-image-221\" title=\"305120_268532049851032_100000827175994_690948_1621398938_n\" src=\"http:\/\/www.robingates.de\/wp-content\/uploads\/2011\/05\/305120_268532049851032_100000827175994_690948_1621398938_n-300x204.jpg\" alt=\"\" width=\"300\" height=\"204\" srcset=\"http:\/\/www.robingates.de\/wp-content\/uploads\/2011\/05\/305120_268532049851032_100000827175994_690948_1621398938_n-300x204.jpg 300w, http:\/\/www.robingates.de\/wp-content\/uploads\/2011\/05\/305120_268532049851032_100000827175994_690948_1621398938_n.jpg 960w\" sizes=\"(max-width: 300px) 100vw, 300px\" \/><\/a><\/div>\n<p>&nbsp;<\/p>\n<p>&nbsp;<\/p>\n<p>&nbsp;<\/p>\n<p>&nbsp;<\/p>\n<p>&nbsp;<\/p>\n<p>&nbsp;<\/p>\n<p>Sue Cullen<\/p>\n<p><a href=\"http:\/\/www.robingates.de\/wp-content\/uploads\/2011\/05\/314346_295643350463089_100000522804910_1099551_1995359021_n.jpg\"><img decoding=\"async\" loading=\"lazy\" class=\"alignnone size-medium wp-image-248\" title=\"314346_295643350463089_100000522804910_1099551_1995359021_n\" src=\"http:\/\/www.robingates.de\/wp-content\/uploads\/2011\/05\/314346_295643350463089_100000522804910_1099551_1995359021_n-300x225.jpg\" alt=\"\" width=\"300\" height=\"225\" srcset=\"http:\/\/www.robingates.de\/wp-content\/uploads\/2011\/05\/314346_295643350463089_100000522804910_1099551_1995359021_n-300x225.jpg 300w, http:\/\/www.robingates.de\/wp-content\/uploads\/2011\/05\/314346_295643350463089_100000522804910_1099551_1995359021_n.jpg 960w\" sizes=\"(max-width: 300px) 100vw, 300px\" \/><\/a><\/p>\n<p>Vielen Dank an dieser Stelle auch an die Moderatorin der FB- Gruppe &#8220;Vampirb\u00fccher, die man lesen muss!&#8221;, Adina K\u00e4pplinger, f\u00fcr die M\u00fche, die sie sich mit diesem Gewinnspiel gemacht hat!<\/p>\n<p>&nbsp;<\/p>\n<p style=\"text-align: center;\">\n<p><a href=\"http:\/\/www.robingates.de\/wp-content\/uploads\/2011\/05\/P1030920.jpg\"><img decoding=\"async\" loading=\"lazy\" class=\"alignright size-medium wp-image-127\" title=\"P1030920\" src=\"http:\/\/www.robingates.de\/wp-content\/uploads\/2011\/05\/P1030920-225x300.jpg\" alt=\"\" width=\"255\" height=\"337\" \/><\/a>Hier sind einige Bilder meiner Lesung am 13.05.11 im Wormser Heylsschl\u00f6sschen:<\/p>\n<p>&nbsp;<\/p>\n<p><a href=\"http:\/\/www.robingates.de\/wp-content\/uploads\/2011\/05\/Robin-Gates-Lesung-Worms-2.jpg\"><img decoding=\"async\" loading=\"lazy\" class=\"alignright size-medium wp-image-182\" title=\"Robin Gates Lesung Worms 2\" src=\"http:\/\/www.robingates.de\/wp-content\/uploads\/2011\/05\/Robin-Gates-Lesung-Worms-2-225x300.jpg\" alt=\"\" width=\"225\" height=\"300\" srcset=\"http:\/\/www.robingates.de\/wp-content\/uploads\/2011\/05\/Robin-Gates-Lesung-Worms-2-225x300.jpg 225w, http:\/\/www.robingates.de\/wp-content\/uploads\/2011\/05\/Robin-Gates-Lesung-Worms-2-768x1024.jpg 768w\" sizes=\"(max-width: 225px) 100vw, 225px\" \/><\/a><\/p>\n<p><a href=\"http:\/\/www.robingates.de\/wp-content\/uploads\/2011\/05\/P1030905.jpg\"><img decoding=\"async\" loading=\"lazy\" class=\"alignleft size-medium wp-image-194\" title=\"P1030905\" src=\"http:\/\/www.robingates.de\/wp-content\/uploads\/2011\/05\/P1030905-300x225.jpg\" alt=\"\" width=\"331\" height=\"249\" srcset=\"http:\/\/www.robingates.de\/wp-content\/uploads\/2011\/05\/P1030905-300x225.jpg 300w, http:\/\/www.robingates.de\/wp-content\/uploads\/2011\/05\/P1030905-1024x768.jpg 1024w\" sizes=\"(max-width: 331px) 100vw, 331px\" \/><\/a><\/p>\n<p>&nbsp;<\/p>\n<p>&nbsp;<\/p>\n<p>&nbsp;<\/p>\n<p>&nbsp;<\/p>\n<p>&nbsp;<\/p>\n<p>&nbsp;<\/p>\n<p>&nbsp;<\/p>\n<p>&nbsp;<\/p>\n","protected":false},"excerpt":{"rendered":"<p>12.08.12: Das Sommergewinnspiel der Facebook &#8211; Gruppe &#8220;B\u00fccher, die man lesen muss!&#8221; ist vorbei. Die Aufgabe war, einen magischen Garten zu zeichnen, wie auch immer man ihn sich vorstellen mag. Viele herzliche Gl\u00fcckw\u00fcnsche an die Gewinner meines neuen Urban Fantasy &hellip; <a href=\"http:\/\/www.robingates.de\/?page_id=125\">Continue reading <span class=\"meta-nav\">&rarr;<\/span><\/a><\/p>\n","protected":false},"author":1,"featured_media":0,"parent":0,"menu_order":3,"comment_status":"open","ping_status":"open","template":"","meta":[],"_links":{"self":[{"href":"http:\/\/www.robingates.de\/index.php?rest_route=\/wp\/v2\/pages\/125"}],"collection":[{"href":"http:\/\/www.robingates.de\/index.php?rest_route=\/wp\/v2\/pages"}],"about":[{"href":"http:\/\/www.robingates.de\/index.php?rest_route=\/wp\/v2\/types\/page"}],"author":[{"embeddable":true,"href":"http:\/\/www.robingates.de\/index.php?rest_route=\/wp\/v2\/users\/1"}],"replies":[{"embeddable":true,"href":"http:\/\/www.robingates.de\/index.php?rest_route=%2Fwp%2Fv2%2Fcomments&post=125"}],"version-history":[{"count":94,"href":"http:\/\/www.robingates.de\/index.php?rest_route=\/wp\/v2\/pages\/125\/revisions"}],"predecessor-version":[{"id":482,"href":"http:\/\/www.robingates.de\/index.php?rest_route=\/wp\/v2\/pages\/125\/revisions\/482"}],"wp:attachment":[{"href":"http:\/\/www.robingates.de\/index.php?rest_route=%2Fwp%2Fv2%2Fmedia&parent=125"}],"curies":[{"name":"wp","href":"https:\/\/api.w.org\/{rel}","templated":true}]}}