{"id":17,"date":"2011-01-09T10:29:29","date_gmt":"2011-01-09T10:29:29","guid":{"rendered":"http:\/\/localhost\/robingates\/?page_id=17"},"modified":"2013-01-09T09:16:20","modified_gmt":"2013-01-09T09:16:20","slug":"audiobooks","status":"publish","type":"page","link":"http:\/\/www.robingates.de\/?page_id=17","title":{"rendered":"Online Lesung"},"content":{"rendered":"<p><a href=\"http:\/\/www.youtube.com\/user\/RobinGates1\">Mein Kanal auf Youtube<\/a>, in dem ich meine ersten Roman &#8220;Der Harfner und der Geschichtenerz\u00e4hler&#8221; vorlese. Er ist in komplett \u00fcberarbeiteter Fassung als <a title=\"ebook\" href=\"http:\/\/www.amazon.de\/Der-Harfner-Geschichtenerz%C3%A4hler-ebook\/dp\/B006WSJP82\/?pf_rd_mnb=ATVPDKIKX0D34&amp;pf_rd_stb=center-2&amp;pf_rd_rat=0817NMRY4ZRQZM6P18TH&amp;pf_rd_t3r=101&amp;pf_rd_ptd=470938631&amp;pf_rd_ied=507846&amp;tag=myblo0d-21&amp;pf_rd_ptd=470938631&amp;pf_rd_ied=507846\" target=\"_blank\">ebook<\/a> erh\u00e4ltlich. <a title=\"Hier\" href=\"http:\/\/www.youtube.com\/watch?v=fwfCRkVodMo&amp;list=UUE_9wpzQKo3jEmAQrTdzBEA&amp;index=7&amp;feature=plcp\" target=\"_blank\">Hier<\/a> geht es zur Einf\u00fchrung der Online &#8211; Lesung:<\/p>\n<p><object style=\"height: 390px; width: 640px;\" width=\"640\" height=\"390\" classid=\"clsid:d27cdb6e-ae6d-11cf-96b8-444553540000\" codebase=\"http:\/\/download.macromedia.com\/pub\/shockwave\/cabs\/flash\/swflash.cab#version=6,0,40,0\"><param name=\"allowFullScreen\" value=\"true\" \/><param name=\"allowScriptAccess\" value=\"always\" \/><param name=\"src\" value=\"http:\/\/www.youtube.com\/v\/fwfCRkVodMo?version=3\" \/><param name=\"allowfullscreen\" value=\"true\" \/><param name=\"allowscriptaccess\" value=\"always\" \/><embed style=\"height: 390px; width: 640px;\" width=\"640\" height=\"390\" type=\"application\/x-shockwave-flash\" src=\"http:\/\/www.youtube.com\/v\/fwfCRkVodMo?version=3\" allowFullScreen=\"true\" allowScriptAccess=\"always\" allowfullscreen=\"true\" allowscriptaccess=\"always\" \/><\/object><\/p>\n<p>Wenn Ihr mehr von aus diesem Zyklus h\u00f6ren wollt, besucht einfach meinen Kanal <a href=\"http:\/\/www.youtube.com\/user\/RobinGates1\">auf Youtube<\/a>!<\/p>\n","protected":false},"excerpt":{"rendered":"<p>Mein Kanal auf Youtube, in dem ich meine ersten Roman &#8220;Der Harfner und der Geschichtenerz\u00e4hler&#8221; vorlese. Er ist in komplett \u00fcberarbeiteter Fassung als ebook erh\u00e4ltlich. Hier geht es zur Einf\u00fchrung der Online &#8211; Lesung: Wenn Ihr mehr von aus diesem &hellip; <a href=\"http:\/\/www.robingates.de\/?page_id=17\">Continue reading <span class=\"meta-nav\">&rarr;<\/span><\/a><\/p>\n","protected":false},"author":1,"featured_media":0,"parent":0,"menu_order":4,"comment_status":"open","ping_status":"open","template":"","meta":[],"_links":{"self":[{"href":"http:\/\/www.robingates.de\/index.php?rest_route=\/wp\/v2\/pages\/17"}],"collection":[{"href":"http:\/\/www.robingates.de\/index.php?rest_route=\/wp\/v2\/pages"}],"about":[{"href":"http:\/\/www.robingates.de\/index.php?rest_route=\/wp\/v2\/types\/page"}],"author":[{"embeddable":true,"href":"http:\/\/www.robingates.de\/index.php?rest_route=\/wp\/v2\/users\/1"}],"replies":[{"embeddable":true,"href":"http:\/\/www.robingates.de\/index.php?rest_route=%2Fwp%2Fv2%2Fcomments&post=17"}],"version-history":[{"count":15,"href":"http:\/\/www.robingates.de\/index.php?rest_route=\/wp\/v2\/pages\/17\/revisions"}],"predecessor-version":[{"id":399,"href":"http:\/\/www.robingates.de\/index.php?rest_route=\/wp\/v2\/pages\/17\/revisions\/399"}],"wp:attachment":[{"href":"http:\/\/www.robingates.de\/index.php?rest_route=%2Fwp%2Fv2%2Fmedia&parent=17"}],"curies":[{"name":"wp","href":"https:\/\/api.w.org\/{rel}","templated":true}]}}