{"id":2,"date":"2011-01-09T08:19:57","date_gmt":"2011-01-09T08:19:57","guid":{"rendered":"http:\/\/localhost\/robingates\/?page_id=2"},"modified":"2017-08-25T09:14:21","modified_gmt":"2017-08-25T09:14:21","slug":"about","status":"publish","type":"page","link":"http:\/\/www.robingates.de\/?page_id=2","title":{"rendered":"Bibliographie"},"content":{"rendered":"<p><a href=\"http:\/\/www.robingates.de\/wp-content\/uploads\/2011\/01\/51t7vBBXxoL._SL500_AA300_.jpg\"><img decoding=\"async\" loading=\"lazy\" class=\"alignleft size-full wp-image-28\" title=\"Sturm der Serephim Bd 1\" src=\"http:\/\/www.robingates.de\/wp-content\/uploads\/2011\/01\/51t7vBBXxoL._SL500_AA300_.jpg\" alt=\"\" width=\"300\" height=\"300\" srcset=\"http:\/\/www.robingates.de\/wp-content\/uploads\/2011\/01\/51t7vBBXxoL._SL500_AA300_.jpg 300w, http:\/\/www.robingates.de\/wp-content\/uploads\/2011\/01\/51t7vBBXxoL._SL500_AA300_-150x150.jpg 150w\" sizes=\"(max-width: 300px) 100vw, 300px\" \/><\/a><span style=\"font-size: x-small;\"><strong>Runlandsaga Bd.1: Sturm der Serephin<\/strong><\/span><br \/>\nVor langer Zeit tobte ein Krieg zwischen den Urkr\u00e4ften des Kosmos jenen des Chaos und der Ordnung. Die Herren der Ordnung siegten und verbannten das Chaos in den ewigen Abgrund. Aus dem K\u00f6rper des gr\u00f6\u00dften Streiters des Chaos entstand ein neues Volk: die Menschen. Jahrtausende sp\u00e4ter haben die Menschen sich in ganz Runland ausgebreitet. Die Ereignisse aus der D\u00e4mmerung der Zeit sind nur noch den ebenfalls in Runland beheimateten Endarin bekannt. Eines Morgens finden spielende Kinder einen Bewusstlosen am Strand der Nordk\u00fcste. Der Fremde entpuppt sich als Elf auf der Flucht vor den Serephin, Tod bringenden Wesen, die nach \u00c4onen der Suche die verborgene Welt der Menschen gefunden haben. Um die drohende Zerst\u00f6rung der Welt und den Untergang der Menschheit zu verhindern, bilden der Elf Arcad und der Magier Margon eine ungleiche Schicksalsgemeinschaft.<br \/>\n<a href=\"http:\/\/www.robingates.de\/wp-content\/uploads\/2011\/01\/Leseprobe-Sturm-der-Serephin.pdf\">Leseprobe Sturm der Serephin<\/a><\/p>\n<hr \/>\n<p><a href=\"http:\/\/www.amazon.de\/Runlandsaga-02-Feuer-Norden-BD\/dp\/3902607149\/\"><img decoding=\"async\" loading=\"lazy\" class=\"alignleft size-full wp-image-34\" title=\"517DEMiRjGL._SL500_AA300_\" src=\"http:\/\/www.robingates.de\/wp-content\/uploads\/2011\/01\/517DEMiRjGL._SL500_AA300_.jpg\" alt=\"\" width=\"300\" height=\"300\" srcset=\"http:\/\/www.robingates.de\/wp-content\/uploads\/2011\/01\/517DEMiRjGL._SL500_AA300_.jpg 300w, http:\/\/www.robingates.de\/wp-content\/uploads\/2011\/01\/517DEMiRjGL._SL500_AA300_-150x150.jpg 150w\" sizes=\"(max-width: 300px) 100vw, 300px\" \/><\/a><span style=\"font-size: x-small;\"><strong>Runlandsaga Bd.2: Feuer im Norden<\/strong><\/span><br \/>\nDie Fortsetzung der Runlandsaga ein episches Fantasyabenteuer im Stile eines Tad Williams Im Reich der Serephin bereitet man sich zum Sturm auf Runland vor: Ran\u00e1r hat seinem Volk einen Weg gebahnt, und die Welt der Menschen brennt. Andostaan, die K\u00fcstenstadt im Nordwesten Runlands, wird als Erstes von den Drachen heimgesucht. Alle Hoffnung derMenschheit ruht auf dem jungen Enris und dem Elfen Arcad &#8230;<br \/>\n<a href=\"http:\/\/www.robingates.de\/wp-content\/uploads\/2011\/01\/Leseprobe-Feuer-im-Norden.pdf\">Leseprobe Feuer im Norden<\/a><\/p>\n<hr \/>\n<p><a href=\"http:\/\/www.amazon.de\/Runlandsaga-03-Wolfzeit-Robin-Gates\/dp\/3902607173\"><img decoding=\"async\" loading=\"lazy\" class=\"alignleft size-medium wp-image-53\" title=\"Wolfzeit\" src=\"http:\/\/www.robingates.de\/wp-content\/uploads\/2011\/01\/51XNvIpGSaL._SS500_-300x300.jpg\" alt=\"\" width=\"300\" height=\"300\" srcset=\"http:\/\/www.robingates.de\/wp-content\/uploads\/2011\/01\/51XNvIpGSaL._SS500_-300x300.jpg 300w, http:\/\/www.robingates.de\/wp-content\/uploads\/2011\/01\/51XNvIpGSaL._SS500_-150x150.jpg 150w, http:\/\/www.robingates.de\/wp-content\/uploads\/2011\/01\/51XNvIpGSaL._SS500_.jpg 500w\" sizes=\"(max-width: 300px) 100vw, 300px\" \/><\/a><span style=\"font-size: x-small;\"><strong>Runlandsaga Bd.3: Wolfzeit<\/strong><\/span><br \/>\nDer dritte Teil der Runlandsaga ein episches Fantasyabenteuer im Stile eines Tad WilliamsDie Lage in Runland spitzt sich zu &#8211; die Serephin drohen, die Welt zu \u00fcberrennen und die Menschheit restlos auszurotten. Nur noch ein v\u00f6lker\u00fcbergreifendes B\u00fcndnis bietet Hoffnung, doch den Menschen l\u00e4uft die Zeit davon &#8230;<br \/>\n<a href=\"http:\/\/www.robingates.de\/wp-content\/uploads\/2011\/01\/Leseprobe-Wolfzeit.pdf\">Leseprobe Wolfzeit<\/a><\/p>\n<hr \/>\n<p><a href=\"http:\/\/www.amazon.de\/Runlandsaga-4-Schicksalsfestung-Robin-Gates\/dp\/3800095289\"><img decoding=\"async\" loading=\"lazy\" class=\"alignleft size-full wp-image-57\" title=\"schicksalsfestung\" src=\"http:\/\/www.robingates.de\/wp-content\/uploads\/2011\/01\/schicksalsfestung.png\" alt=\"\" width=\"300\" height=\"300\" srcset=\"http:\/\/www.robingates.de\/wp-content\/uploads\/2011\/01\/schicksalsfestung.png 300w, http:\/\/www.robingates.de\/wp-content\/uploads\/2011\/01\/schicksalsfestung-150x150.png 150w\" sizes=\"(max-width: 300px) 100vw, 300px\" \/><\/a><span style=\"font-size: x-small;\"><strong>Runlandsaga Bd.4: Die Schicksalsfestung<\/strong><\/span><br \/>\nRunlands Untergang steht bevor: Die echsenartigen Serephin t\u00f6ten die vier W\u00e4chterdrachen, um die Welt und das verhasste Volk der Menschen zu vernichten. Die Schicksalsgemeinschaft aus Menschen und Endarin, die dies verhindern will, ist von ihrem Ziel weiter entfernt denn je. Der junge Enris und die Wolfsfrau Neria wurden von den Dunkelelfen in die Vergangenheit geschickt und sind in eine der gr\u00f6\u00dften Schlachten der Alten Tage geraten. Um Runland noch zu retten, m\u00fcssen sie \u00fcberleben, in ihre eigene Zeit zur\u00fcckkehren und weiter reisen als je ein Mensch zuvor zu einem Ort zwischen den Sternen, wo sich alles entscheiden muss: zur Schicksalsfestung der Tr\u00e4umenden Cyrandith.<br \/>\n<a href=\"http:\/\/www.robingates.de\/wp-content\/uploads\/2011\/01\/Leseprobe-Die-Schicksalsfestung.pdf\">Leseprobe Die Schicksalsfestung<\/a><\/p>\n<hr \/>\n<h2><strong><span style=\"font-size: x-small;\">Der Harfner und der Geschichtenerz\u00e4hler<\/span><\/strong><\/h2>\n<div style=\"float: left; width: 350px; margin-right: 40px;\">\n<p>3 B\u00e4nde, erschienen 2003 bis 2004. Die Printauflage ist momentan vergriffen, aber es sind noch Restposten \u00fcber den Second Hand Buchhandel (Amazon Marketplace) erh\u00e4ltlich. Eine neu \u00fcberarbeitete <a title=\"ebook - Version\" href=\"http:\/\/www.amazon.de\/Harfner-Geschichtenerz%C3%A4hler-ebook\/dp\/B006WSJP82\/?pf_rd_mnb=ATVPDKIKX0D34&amp;pf_rd_stb=center-2&amp;pf_rd_rat=0817NMRY4ZRQZM6P18TH&amp;pf_rd_t3r=101&amp;pf_rd_ptd=470938631&amp;pf_rd_ied=507846&amp;tag=myblo0d-21&amp;pf_rd_ptd=470938631&amp;pf_rd_ied=507846\" target=\"_blank\" rel=\"noopener\">ebook &#8211; Version <\/a>ist seit Ende 2011 als Kindle Edition bei Amazon verf\u00fcgbar.<\/p>\n<p>Eine zweite Printauflage in einem Band ist in Planung.<\/p>\n<p>Details:<br \/>\nEin Harfenspieler namens Margon und ein Geschichtenerz\u00e4hler, der Callis genannt wird, reisen durch Runland, eine Welt voller Legenden und Magie. Ihr Auftrag, gemeinsam am Hofe eines K\u00f6nigs aufzutreten, verwandelt sich mit einem Mal zu einer gef\u00e4hrlichen Auseinandersetzung mit einem mythischen Schrecken aus der Vergangenheit, dessen Pl\u00e4ne es sind, sich ganz Runland untertan zu machen, und der drei magische Elfenharfen in seinen Besitz bringen will, um dies zu erreichen.<br \/>\nGemeinsam mit seinem Freund Callis stellt Margon sich der drohenden Gefahr, die f\u00fcr beide zu einer Reise in die Finsternis ihrer eigenen Herzen wird.<\/p>\n<\/div>\n<div style=\"float: left;\"><a href=\"http:\/\/www.amazon.de\/Harfner-Geschichtenerz\u00e4hler-Band-I\/dp\/3937674012\"><img decoding=\"async\" loading=\"lazy\" class=\"alignleft size-medium wp-image-78\" title=\"harfner1_klein\" src=\"http:\/\/www.robingates.de\/wp-content\/uploads\/2011\/01\/harfner1_klein-208x300.jpg\" alt=\"\" width=\"208\" height=\"300\" srcset=\"http:\/\/www.robingates.de\/wp-content\/uploads\/2011\/01\/harfner1_klein-208x300.jpg 208w, http:\/\/www.robingates.de\/wp-content\/uploads\/2011\/01\/harfner1_klein.jpg 210w\" sizes=\"(max-width: 208px) 100vw, 208px\" \/><\/a><\/div>\n<div style=\"float: left;\"><a href=\"http:\/\/www.amazon.de\/Harfner-Geschichtenerz%C3%A4hler-2-Robin-Gates\/dp\/3937674020\/\"><img decoding=\"async\" loading=\"lazy\" class=\"size-full wp-image-71\" title=\"harfner2_klein\" src=\"http:\/\/www.robingates.de\/wp-content\/uploads\/2011\/01\/harfner2_klein.jpg\" alt=\"\" width=\"100\" height=\"143\" \/><\/a><\/div>\n<div style=\"float: left; margin-left: 8px;\"><a href=\"http:\/\/www.amazon.de\/Harfner-Geschichtenerz%C3%A4hler-Band-III-von\/dp\/3937674039\"><img decoding=\"async\" loading=\"lazy\" class=\"size-full wp-image-73\" title=\"Harfner3_klein\" src=\"http:\/\/www.robingates.de\/wp-content\/uploads\/2011\/01\/Harfner3_klein.jpg\" alt=\"\" width=\"100\" height=\"143\" \/><\/a><\/div>\n<hr \/>\n<p>&nbsp;<\/p>\n<p><a href=\"http:\/\/www.amazon.de\/Dark-Ladies-2-Christoph-Marzi\/dp\/3927071269\/\"><img decoding=\"async\" loading=\"lazy\" class=\"alignleft size-medium wp-image-133\" title=\"Dark Ladies 2\" src=\"http:\/\/www.robingates.de\/wp-content\/uploads\/2011\/01\/Dark_ladies_2-300x300.jpg\" alt=\"\" width=\"300\" height=\"300\" srcset=\"http:\/\/www.robingates.de\/wp-content\/uploads\/2011\/01\/Dark_ladies_2-300x300.jpg 300w, http:\/\/www.robingates.de\/wp-content\/uploads\/2011\/01\/Dark_ladies_2-150x150.jpg 150w, http:\/\/www.robingates.de\/wp-content\/uploads\/2011\/01\/Dark_ladies_2.jpg 500w\" sizes=\"(max-width: 300px) 100vw, 300px\" \/><\/a><span style=\"font-size: x-small;\"><strong>Dark Ladies<\/strong><\/span><\/p>\n<p>Zu dieser Anthologie von Alisha Bionda habe ich im zweiten Band die Kurzgeschichte &#8220;Schlangenblut&#8221; beigetragen.<\/p>\n<p><em>Lassen Sie sich von geheimnisvollen weiblichen Wesen verf\u00fchren, die Ihnen Perspektiven zu fremden Welten er\u00f6ffnen, von denen Sie bisher nie zu tr\u00e4umen gewagt haben &#8230; Wolfgang<\/em><em> Hohlbein hierzu: \u00bbAlisha Bionda hat sich neben ihrem Namen als Autorin auch einen als Herausgeberin gemacht. Ihre Anthologien sind ein literarisch-optisches Erlebnis. Nicht umsonst wurden zwei mit dem Deutschen Phantastik Preis ausgezeichnet. In diesem Projekt hat sie wieder einmal ein sicheres Gesp\u00fcr f\u00fcr die Verbindung von Text und Bild bewiesen und eine illustre Autorenriege zusammengerufen.\u00ab<\/em><\/p>\n<p>&nbsp;<\/p>\n<p><a href=\"http:\/\/www.robingates.de\/?attachment_id=472\"><img decoding=\"async\" loading=\"lazy\" class=\"alignleft wp-image-472 size-medium\" title=\"Dilmun\" src=\"http:\/\/www.robingates.de\/wp-content\/uploads\/2017\/08\/65924661d4026bbc-195x300.jpg\" alt=\"\" width=\"195\" height=\"300\" srcset=\"http:\/\/www.robingates.de\/wp-content\/uploads\/2017\/08\/65924661d4026bbc-195x300.jpg 195w, http:\/\/www.robingates.de\/wp-content\/uploads\/2017\/08\/65924661d4026bbc.jpg 242w\" sizes=\"(max-width: 195px) 100vw, 195px\" \/><\/a><a title=\"Dilmun - J\u00e4ger des ewigen Lebens\" href=\"https:\/\/www.amazon.de\/Dilmun-Suche-nach-ewigen-Leben-ebook\/dp\/B073TYS4SZ\/ref=sr_1_1?s=digital-text&amp;ie=UTF8&amp;qid=1503651198&amp;sr=1-1&amp;keywords=Dilmun+suche+nach+dem+ewigen+Leben\" target=\"_blank\" rel=\"noopener\"><span style=\"font-size: x-small;\"><strong>Dilmun &#8211; Suche nach dem ewigen Leben<\/strong><\/span><\/a><\/p>\n<p>Urspr\u00fcnglich 2012 im Ueberreuter Verlag unter dem Titel &#8220;Dilmun &#8211; J\u00e4ger des ewigen Lebens&#8221; erschienen, ist dieser Urban Fantasy-Roman inzwischen mit leicht ver\u00e4ndertem Titel aber gleichem Inhalt seit August 2016 auch als E-Book im Bastei L\u00fcbbe Verlag erh\u00e4ltlich.<\/p>\n<p>Colin Rendall traut seinen Augen nicht: Das neue Bild in seiner Wohnung ist keine einfache Fotografie. Bei n\u00e4herer Betrachtung entpuppt es sich als Fenster zu einem magischen Ort.<br \/>\nGemeinsam mit seiner Studentin Annika ger\u00e4t der Geschichtsprofessor immer weiter in den Sog einer uralten Auseinandersetzung: Der geheime Garten Dilmun wird seit Jahrtausenden von mythischen Wesen bewacht. Ihre versto\u00dfenen Verwandten suchen jedoch einen Weg, um die Kontrolle \u00fcber diesen magischen Ort an sich zu rei\u00dfen. Aber sie sind nicht die einzigen, die Dilmun f\u00fcr sich beanspruchen. Eine wilde Jagd nach dem Schl\u00fcssel zum Paradies beginnt &#8230;\u00a0<a title=\"Leseprobe Dilmun - J\u00e4ger des ewigen Lebens\" href=\"http:\/\/weiterlesen.de\/Leseprobe\/Dilmun-Suche-nach-dem-ewigen-Leben\/9783732551163\/html\" target=\"_blank\" rel=\"noopener\">Leseprobe Dilmun &#8211; Suche nach dem ewigen Leben<\/a><\/p>\n<p><strong><a href=\"http:\/\/www.amazon.de\/Feuermuse-Fantasy-im-GMEINER-Verlag-ebook\/dp\/B00WMECTQK\" target=\"_blank\" rel=\"noopener\">Feuermuse<\/a><\/strong><\/p>\n<p><a href=\"http:\/\/www.robingates.de\/?attachment_id=477\"><img decoding=\"async\" loading=\"lazy\" class=\"alignleft wp-image-477 size-medium\" src=\"http:\/\/www.robingates.de\/wp-content\/uploads\/2011\/01\/Feuermuse_2d_RGB-1-180x300.jpg\" alt=\"\" width=\"180\" height=\"300\" srcset=\"http:\/\/www.robingates.de\/wp-content\/uploads\/2011\/01\/Feuermuse_2d_RGB-1-180x300.jpg 180w, http:\/\/www.robingates.de\/wp-content\/uploads\/2011\/01\/Feuermuse_2d_RGB-1-768x1280.jpg 768w, http:\/\/www.robingates.de\/wp-content\/uploads\/2011\/01\/Feuermuse_2d_RGB-1-614x1024.jpg 614w, http:\/\/www.robingates.de\/wp-content\/uploads\/2011\/01\/Feuermuse_2d_RGB-1.jpg 1417w\" sizes=\"(max-width: 180px) 100vw, 180px\" \/><\/a><\/p>\n<p>Urspr\u00fcnglich 2015 als E-Book im<a href=\"http:\/\/www.gmeiner-verlag.de\/programm\/titel\/1219-feuermuse.html\"> Gmeiner Verlag <\/a>ver\u00f6ffentlicht, ist von diesem Urban Fantasy-Roman seit Oktober 2016 auch eine <a href=\"https:\/\/www.amazon.de\/Feuermuse-Robin-Gates\/dp\/3946425135\/ref=sr_1_1?s=books&amp;ie=UTF8&amp;qid=1503651982&amp;sr=1-1&amp;keywords=Feuermuse\">Printausgabe<\/a> in der <a href=\"http:\/\/www.roterdrache.org\/cms\/backlist\/feuermuse\/\">Edition Roter Drache <\/a>erschienen. Er war im Jahr 2016 auf der Longlist f\u00fcr den deutschen Fantasypreis &#8220;Seraph&#8221;.<\/p>\n<p>Auf der Suche nach seinem Skizzenblock, den ihm Mitsch\u00fcler gestohlen haben, betritt David eine verlassene Villa. Was er nicht wei\u00df: Die Villa geh\u00f6rte einem verstorbenen Ritualmagier. Von der sch\u00f6nen rothaarigen El\u00e1ra angelockt, stolpert er durch einen magischen Spiegel und findet sich in einer Parallelwelt wieder, die aus einem Haus mit zahllosen R\u00e4umen besteht. El\u00e1ra ist ein Feuerwesen, dessen gr\u00f6\u00dfter Wunsch es ist, ein Mensch zu werden. Doch eine Gruppe von Fremden ist David gefolgt. Sie haben es auf einen von El\u00e1ra bewachten m\u00e4chtigen Rubin abgesehen. Ein Kampf auf Leben und Tod entbrennt.<\/p>\n","protected":false},"excerpt":{"rendered":"<p>Runlandsaga Bd.1: Sturm der Serephin Vor langer Zeit tobte ein Krieg zwischen den Urkr\u00e4ften des Kosmos jenen des Chaos und der Ordnung. Die Herren der Ordnung siegten und verbannten das Chaos in den ewigen Abgrund. Aus dem K\u00f6rper des gr\u00f6\u00dften &hellip; <a href=\"http:\/\/www.robingates.de\/?page_id=2\">Continue reading <span class=\"meta-nav\">&rarr;<\/span><\/a><\/p>\n","protected":false},"author":1,"featured_media":0,"parent":0,"menu_order":1,"comment_status":"open","ping_status":"open","template":"","meta":[],"_links":{"self":[{"href":"http:\/\/www.robingates.de\/index.php?rest_route=\/wp\/v2\/pages\/2"}],"collection":[{"href":"http:\/\/www.robingates.de\/index.php?rest_route=\/wp\/v2\/pages"}],"about":[{"href":"http:\/\/www.robingates.de\/index.php?rest_route=\/wp\/v2\/types\/page"}],"author":[{"embeddable":true,"href":"http:\/\/www.robingates.de\/index.php?rest_route=\/wp\/v2\/users\/1"}],"replies":[{"embeddable":true,"href":"http:\/\/www.robingates.de\/index.php?rest_route=%2Fwp%2Fv2%2Fcomments&post=2"}],"version-history":[{"count":56,"href":"http:\/\/www.robingates.de\/index.php?rest_route=\/wp\/v2\/pages\/2\/revisions"}],"predecessor-version":[{"id":479,"href":"http:\/\/www.robingates.de\/index.php?rest_route=\/wp\/v2\/pages\/2\/revisions\/479"}],"wp:attachment":[{"href":"http:\/\/www.robingates.de\/index.php?rest_route=%2Fwp%2Fv2%2Fmedia&parent=2"}],"curies":[{"name":"wp","href":"https:\/\/api.w.org\/{rel}","templated":true}]}}