{"id":5,"date":"2011-01-09T08:40:01","date_gmt":"2011-01-09T08:40:01","guid":{"rendered":"http:\/\/localhost\/robingates\/?page_id=5"},"modified":"2015-11-16T19:15:11","modified_gmt":"2015-11-16T19:15:11","slug":"biographie","status":"publish","type":"page","link":"http:\/\/www.robingates.de\/?page_id=5","title":{"rendered":"Biographie"},"content":{"rendered":"<p>Ich wurde 1967 in M\u00fcnchen geboren und schreibe Romane, bisher haupts\u00e4chlich im Genre Epic Fantasy. Schon als Kind erfand ich mit Leidenschaft Erz\u00e4hlungen, zuerst handschriftlich, sp\u00e4ter riss ich mir daf\u00fcr die Reiseschreibmaschine meiner Eltern unter den Nagel oder besprach Tonb\u00e4nder.<\/p>\n<p>Vor der Ver\u00f6ffentlichung meines ersten Buches verfasste ich vor allem Artikel und Essays zu Themen wie Mythologie, Anthropologie und Naturreligionen f\u00fcr verschiedene Zeitschriften. Seit ich zur\u00fcckdenken kann, war ich an den Mythologien der unterschiedlichsten V\u00f6lker interessiert. In Mythen und Sagen finde ich immer wieder Inspirationen f\u00fcr meine Arbeit im Fantasygenre.<\/p>\n<p>Mein erster Roman, &#8220;Der Harfner und der Geschichtenerz\u00e4hler&#8221;, wurde zwischen 2003 und 2004 vom Heiden Verlag Hamburg in drei B\u00e4nden herausgebracht. Seine Handlung findet in der fiktiven Welt Runland statt.<\/p>\n<p>In dieselbe Welt kehrte ich f\u00fcr meine nachfolgende Romanserie &#8220;Runlandsaga&#8221; zur\u00fcck. Die vier Teile, &#8220;Sturm der Serephin&#8221;, &#8220;Feuer im Norden&#8221;, &#8220;Wolfzeit&#8221; und &#8220;Die Schicksalsfestung&#8221; wurden zwischen 2008 und 2010 im Otherworld Verlag ver\u00f6ffentlicht.<\/p>\n<p>Im Juni 2012 erschien im Verlag Carl Ueberreuter mein erster Urban Fantasy Roman, &#8220;Dilmun &#8211; J\u00e4ger des ewigen Lebens&#8221;.<\/p>\n<p>Mein aktueller Urban Fantasy Roman <a href=\"http:\/\/www.amazon.de\/Feuermuse-Fantasy-im-GMEINER-Verlag-ebook\/dp\/B00WMECTQK\" target=\"_blank\">&#8220;Feuermuse&#8221;<\/a> ist seit August 2015 \u00fcber den Gmeiner Verlag als E-Book in allen g\u00e4ngigen Formaten erh\u00e4ltlich.<\/p>\n<p>Ich schreibe allerdings auch Essays zu mythologischen Themen und Kurzgeschichten. So steuerte ich im Jahr 2009 meine Erz\u00e4hlung &#8220;Schlangenblut&#8221; der Kurzgeschichtenanthologie &#8220;Dark Ladies II&#8221; aus dem Fabylon Verlag bei. Im April 2013 erschien mein Beitrag &#8220;Der Tribut der Pelamis&#8221; in der Anthologie <a href=\"http:\/\/www.buecher.de\/shop\/buecher\/geheimnisvolle-geschichten-piraten-piraten\/schreiber-erik\/products_products\/detail\/prod_id\/37705898\/\" target=\"_blank\">&#8220;Piraten, Piraten!&#8221;<\/a>\u00a0aus der Reihe &#8220;Geheimnisvolle Geschichten&#8221; im Verlag Saphir im Stein.<\/p>\n<p>Zur Zeit arbeite ich an einem weiteren Manuskript zu einer Romanreihe im Genre Urban Fantasy, sowie an einem Science Fiction Roman. Ich werde aber sicher irgendwann auch wieder f\u00fcr ein neues Buch in die Welt von Runland eintauchen &#8230;<\/p>\n<p>Es macht mir besonders Freude, \u00f6ffentliche Lesungen abzuhalten und mich dabei vom Autor in einen Geschichtenerz\u00e4hler zu verwandeln. Die pers\u00f6nliche Verbindung zwischen einem Erz\u00e4hler und seinem Publikum ist in meinen Augen die direkteste und intimste Art der Literatur.<\/p>\n","protected":false},"excerpt":{"rendered":"<p>Ich wurde 1967 in M\u00fcnchen geboren und schreibe Romane, bisher haupts\u00e4chlich im Genre Epic Fantasy. Schon als Kind erfand ich mit Leidenschaft Erz\u00e4hlungen, zuerst handschriftlich, sp\u00e4ter riss ich mir daf\u00fcr die Reiseschreibmaschine meiner Eltern unter den Nagel oder besprach Tonb\u00e4nder. &hellip; <a href=\"http:\/\/www.robingates.de\/?page_id=5\">Continue reading <span class=\"meta-nav\">&rarr;<\/span><\/a><\/p>\n","protected":false},"author":1,"featured_media":0,"parent":0,"menu_order":0,"comment_status":"open","ping_status":"open","template":"","meta":[],"_links":{"self":[{"href":"http:\/\/www.robingates.de\/index.php?rest_route=\/wp\/v2\/pages\/5"}],"collection":[{"href":"http:\/\/www.robingates.de\/index.php?rest_route=\/wp\/v2\/pages"}],"about":[{"href":"http:\/\/www.robingates.de\/index.php?rest_route=\/wp\/v2\/types\/page"}],"author":[{"embeddable":true,"href":"http:\/\/www.robingates.de\/index.php?rest_route=\/wp\/v2\/users\/1"}],"replies":[{"embeddable":true,"href":"http:\/\/www.robingates.de\/index.php?rest_route=%2Fwp%2Fv2%2Fcomments&post=5"}],"version-history":[{"count":8,"href":"http:\/\/www.robingates.de\/index.php?rest_route=\/wp\/v2\/pages\/5\/revisions"}],"predecessor-version":[{"id":448,"href":"http:\/\/www.robingates.de\/index.php?rest_route=\/wp\/v2\/pages\/5\/revisions\/448"}],"wp:attachment":[{"href":"http:\/\/www.robingates.de\/index.php?rest_route=%2Fwp%2Fv2%2Fmedia&parent=5"}],"curies":[{"name":"wp","href":"https:\/\/api.w.org\/{rel}","templated":true}]}}